{"id":6260,"date":"2024-10-03T12:26:14","date_gmt":"2024-10-03T12:26:14","guid":{"rendered":"https:\/\/sevenseeds.pl\/?post_type=product&#038;p=6260"},"modified":"2026-02-22T10:42:35","modified_gmt":"2026-02-22T10:42:35","slug":"strawberry-poison","status":"publish","type":"product","link":"https:\/\/sevenseeds.pl\/index.php\/produkt\/strawberry-poison\/","title":{"rendered":"Strawberry Poison"},"content":{"rendered":"<div dir=\"auto\">Strawberry Poison to wyrazista odmiana, kt\u00f3ra \u0142\u0105czy w sobie geny dw\u00f3ch pot\u0119\u017cnych klasyk\u00f3w \u2013 Durban Poison, znanego z czystej sativowej mocy, oraz Strawberry Cookies, wnosz\u0105cego do mieszanki swoj\u0105 renomowan\u0105 si\u0142\u0119. To hybryda stworzona dla prawdziwych koneser\u00f3w, kt\u00f3rzy poszukuj\u0105 wyj\u0105tkowo odmiany o solidnym rodowodzie.<\/div>\n<div dir=\"auto\"><\/div>\n<div dir=\"auto\">Dzi\u0119ki po\u0142\u0105czeniu gen\u00f3w legendarnej Durban Poison i Strawberry Cookies, Strawberry Poison\u00a0 wyr\u00f3\u017cnia si\u0119 swoj\u0105 wysok\u0105 jako\u015bci\u0105 i intensywno\u015bci\u0105. Stworzona dla os\u00f3b ceni\u0105cych sobie klasyczne pochodzenie, a jednocze\u015bnie oczekuj\u0105cych naprawd\u0119 mocnych wra\u017ce\u0144.<\/div>\n<div dir=\"auto\"><\/div>\n<div dir=\"auto\">\n<p>Strawberry Poison tworzy wyj\u0105tkowy, z\u0142o\u017cony aromat. Wymieszanie cytrusowej i lekko any\u017cowej nuty, dodaj\u0105c s\u0142odkie, soczyste akcenty truskawek oraz delikatne, ciastkowe t\u0142o. W efekcie powstaje zapach, kt\u00f3ry jest zar\u00f3wno intensywny, jak i przyjemny \u2013 \u015bwie\u017ce, zio\u0142owe nuty \u0142\u0105cz\u0105 si\u0119 z pyszn\u0105, s\u0142odk\u0105 woni\u0105 truskawek i ma\u015blanych ciasteczek, tworz\u0105c harmonijn\u0105 ca\u0142o\u015b\u0107.<\/p>\n<\/div>\n<div dir=\"auto\">Odmiana ta czerpie to, co najlepsze z klasyki, jednocze\u015bnie oferuj\u0105c co\u015b wi\u0119cej ni\u017c standardowe rozwi\u0105zania.<\/div>\n<div dir=\"auto\"><\/div>\n","protected":false},"excerpt":{"rendered":"<p>Odmiana ta czerpie to, co najlepsze z klasyki, jednocze\u015bnie oferuj\u0105c co\u015b wi\u0119cej ni\u017c standardowe rozwi\u0105zania.<\/p>\n","protected":false},"featured_media":6263,"comment_status":"open","ping_status":"closed","template":"","meta":{"_acf_changed":false},"product_brand":[],"product_cat":[15],"product_tag":[],"class_list":{"0":"post-6260","1":"product","2":"type-product","3":"status-publish","4":"has-post-thumbnail","6":"product_cat-nasiona-feminizowane-premium","8":"first","9":"instock","10":"shipping-taxable","11":"purchasable","12":"product-type-variable"},"acf":[],"_links":{"self":[{"href":"https:\/\/sevenseeds.pl\/index.php\/wp-json\/wp\/v2\/product\/6260","targetHints":{"allow":["GET"]}}],"collection":[{"href":"https:\/\/sevenseeds.pl\/index.php\/wp-json\/wp\/v2\/product"}],"about":[{"href":"https:\/\/sevenseeds.pl\/index.php\/wp-json\/wp\/v2\/types\/product"}],"replies":[{"embeddable":true,"href":"https:\/\/sevenseeds.pl\/index.php\/wp-json\/wp\/v2\/comments?post=6260"}],"wp:featuredmedia":[{"embeddable":true,"href":"https:\/\/sevenseeds.pl\/index.php\/wp-json\/wp\/v2\/media\/6263"}],"wp:attachment":[{"href":"https:\/\/sevenseeds.pl\/index.php\/wp-json\/wp\/v2\/media?parent=6260"}],"wp:term":[{"taxonomy":"product_brand","embeddable":true,"href":"https:\/\/sevenseeds.pl\/index.php\/wp-json\/wp\/v2\/product_brand?post=6260"},{"taxonomy":"product_cat","embeddable":true,"href":"https:\/\/sevenseeds.pl\/index.php\/wp-json\/wp\/v2\/product_cat?post=6260"},{"taxonomy":"product_tag","embeddable":true,"href":"https:\/\/sevenseeds.pl\/index.php\/wp-json\/wp\/v2\/product_tag?post=6260"}],"curies":[{"name":"wp","href":"https:\/\/api.w.org\/{rel}","templated":true}]}}