{"id":6239,"date":"2024-09-12T10:13:41","date_gmt":"2024-09-12T10:13:41","guid":{"rendered":"https:\/\/sevenseeds.pl\/?post_type=product&#038;p=6239"},"modified":"2025-10-12T17:17:41","modified_gmt":"2025-10-12T17:17:41","slug":"kawazooka-limited","status":"publish","type":"product","link":"https:\/\/sevenseeds.pl\/index.php\/produkt\/kawazooka-limited\/","title":{"rendered":"KAWAZOOKA Limited\u00a0"},"content":{"rendered":"<div dir=\"auto\">\n<p dir=\"ltr\">KAWAZOOKA Limited<\/p>\n<p dir=\"ltr\">To po\u0142\u0105czenie mo\u017cna opisa\u0107 jako wyj\u0105tkow\u0105 fuzj\u0119 smak\u00f3w i aromat\u00f3w rodem z USA. Kawazaki ( Z Runtz x RS11 ), znany z intensywnych egzotycznych nut gazu i cukierk\u00f3w, w po\u0142\u0105czeniu ze Strawberry Cookies (Strawberry Cough x Thin Mint OG) to szczep o bogatym profilu terpenowym. Dominuj\u0105 tu cukierkowe smaki tropikalnych owoc\u00f3w i pieczonych ciastek, z delikatnym akcentem gazowym, kt\u00f3ry dodaje ca\u0142o\u015bci charakteru.<\/p>\n<p dir=\"ltr\">Szczep oferuje zr\u00f3wnowa\u017cone doznania, \u0142\u0105cz\u0105c energetyzuj\u0105cy haj z uczuciem odpr\u0119\u017cenia. Kwiaty wyr\u00f3\u017cniaj\u0105 si\u0119 \u017cywymi kolorami oraz g\u0119stym pokryciem trichom\u00f3w, co sprawia, \u017ce s\u0105 nie tylko atrakcyjne wizualnie, ale i bogate w aromaty.<\/p>\n<p dir=\"ltr\">Zapach: s\u0142odki, gazowy, ciasteczka, wata cukrowa<\/p>\n<p dir=\"ltr\">\n<\/div>\n<div class=\"yj6qo ajU\"><\/div>\n","protected":false},"excerpt":{"rendered":"<p>To po\u0142\u0105czenie mo\u017cna opisa\u0107 jako wyj\u0105tkow\u0105 fuzj\u0119 smak\u00f3w i aromat\u00f3w rodem z USA.<\/p>\n","protected":false},"featured_media":6346,"comment_status":"open","ping_status":"closed","template":"","meta":{"_acf_changed":false},"product_brand":[],"product_cat":[15],"product_tag":[],"class_list":{"0":"post-6239","1":"product","2":"type-product","3":"status-publish","4":"has-post-thumbnail","6":"product_cat-nasiona-feminizowane-premium","8":"first","9":"outofstock","10":"shipping-taxable","11":"product-type-variable"},"acf":[],"_links":{"self":[{"href":"https:\/\/sevenseeds.pl\/index.php\/wp-json\/wp\/v2\/product\/6239","targetHints":{"allow":["GET"]}}],"collection":[{"href":"https:\/\/sevenseeds.pl\/index.php\/wp-json\/wp\/v2\/product"}],"about":[{"href":"https:\/\/sevenseeds.pl\/index.php\/wp-json\/wp\/v2\/types\/product"}],"replies":[{"embeddable":true,"href":"https:\/\/sevenseeds.pl\/index.php\/wp-json\/wp\/v2\/comments?post=6239"}],"wp:featuredmedia":[{"embeddable":true,"href":"https:\/\/sevenseeds.pl\/index.php\/wp-json\/wp\/v2\/media\/6346"}],"wp:attachment":[{"href":"https:\/\/sevenseeds.pl\/index.php\/wp-json\/wp\/v2\/media?parent=6239"}],"wp:term":[{"taxonomy":"product_brand","embeddable":true,"href":"https:\/\/sevenseeds.pl\/index.php\/wp-json\/wp\/v2\/product_brand?post=6239"},{"taxonomy":"product_cat","embeddable":true,"href":"https:\/\/sevenseeds.pl\/index.php\/wp-json\/wp\/v2\/product_cat?post=6239"},{"taxonomy":"product_tag","embeddable":true,"href":"https:\/\/sevenseeds.pl\/index.php\/wp-json\/wp\/v2\/product_tag?post=6239"}],"curies":[{"name":"wp","href":"https:\/\/api.w.org\/{rel}","templated":true}]}}