{"id":6126,"date":"2024-09-02T14:49:45","date_gmt":"2024-09-02T14:49:45","guid":{"rendered":"https:\/\/sevenseeds.pl\/?post_type=product&#038;p=6126"},"modified":"2026-02-22T10:48:59","modified_gmt":"2026-02-22T10:48:59","slug":"hms-currant-skunk","status":"publish","type":"product","link":"https:\/\/sevenseeds.pl\/index.php\/produkt\/hms-currant-skunk\/","title":{"rendered":"HMS Currant Skunk"},"content":{"rendered":"<div dir=\"auto\">HMS Currant Skunk jest to wynik polowa\u0144 na fenotypy Seven Seeds celem odnalezienia najbardziej pachn\u0105cych i szybko kwitn\u0105cych odmian.<\/div>\n<div dir=\"auto\"><\/div>\n<div dir=\"auto\">Do tego projektu zosta\u0142 wykorzystany wyj\u0105tkowy fenotyp Lemon Skunk. Bardzo produktywna kr\u0119pa ro\u015blina z du\u017c\u0105 ilo\u015bci\u0105 bocznych ga\u0142\u0119zi pe\u0142nych ow\u0142osionych jasnozielonych kwiat\u00f3w, o intensywnym d\u0142ugo utrzymuj\u0105cym si\u0119 zapachu, do z\u0142udzenia przypominaj\u0105cym czarn\u0105 porzeczk\u0119. \u0141\u0105czy w sobie sosnowe s\u0142odko-kwa\u015bne nuty.<\/div>\n<div dir=\"auto\"><\/div>\n<div dir=\"auto\">Aromat jest g\u0142\u0119boki, z wyczuwalnym cytrusowym akcentem, kt\u00f3ry przywodzi na my\u015bl dojrza\u0142e porzeczki zebrane prosto z krzewu.<\/div>\n<div dir=\"auto\"><\/div>\n<div dir=\"auto\">Do krzy\u017c\u00f3wki HMS Currant Skunk zosta\u0142y u\u017cyte Lemon Skunk i Strawberry Cookies fenotypy o bardzo du\u017cym wigorze unikatowym zapachu i kr\u00f3tkim czasie kwitnienia z ponadprzeci\u0119tn\u0105 ilo\u015bci\u0105 \u017cywicy.<\/div>\n<div dir=\"auto\"><\/div>\n<div dir=\"auto\">Zapach: czarna porzeczka, sosna, cytrusy<\/div>\n","protected":false},"excerpt":{"rendered":"<p>HMS Currant Skunk jest to wynik polowa\u0144 na fenotypy Seven Seeds celem odnalezienia najbardziej pachn\u0105cych i szybko dojrzewaj\u0105cych odmian.<\/p>\n","protected":false},"featured_media":6267,"comment_status":"open","ping_status":"closed","template":"","meta":{"_acf_changed":false},"product_brand":[],"product_cat":[15],"product_tag":[],"class_list":{"0":"post-6126","1":"product","2":"type-product","3":"status-publish","4":"has-post-thumbnail","6":"product_cat-nasiona-feminizowane-premium","8":"first","9":"instock","10":"shipping-taxable","11":"purchasable","12":"product-type-variable"},"acf":[],"_links":{"self":[{"href":"https:\/\/sevenseeds.pl\/index.php\/wp-json\/wp\/v2\/product\/6126","targetHints":{"allow":["GET"]}}],"collection":[{"href":"https:\/\/sevenseeds.pl\/index.php\/wp-json\/wp\/v2\/product"}],"about":[{"href":"https:\/\/sevenseeds.pl\/index.php\/wp-json\/wp\/v2\/types\/product"}],"replies":[{"embeddable":true,"href":"https:\/\/sevenseeds.pl\/index.php\/wp-json\/wp\/v2\/comments?post=6126"}],"wp:featuredmedia":[{"embeddable":true,"href":"https:\/\/sevenseeds.pl\/index.php\/wp-json\/wp\/v2\/media\/6267"}],"wp:attachment":[{"href":"https:\/\/sevenseeds.pl\/index.php\/wp-json\/wp\/v2\/media?parent=6126"}],"wp:term":[{"taxonomy":"product_brand","embeddable":true,"href":"https:\/\/sevenseeds.pl\/index.php\/wp-json\/wp\/v2\/product_brand?post=6126"},{"taxonomy":"product_cat","embeddable":true,"href":"https:\/\/sevenseeds.pl\/index.php\/wp-json\/wp\/v2\/product_cat?post=6126"},{"taxonomy":"product_tag","embeddable":true,"href":"https:\/\/sevenseeds.pl\/index.php\/wp-json\/wp\/v2\/product_tag?post=6126"}],"curies":[{"name":"wp","href":"https:\/\/api.w.org\/{rel}","templated":true}]}}