{"id":601,"date":"2022-08-17T15:00:20","date_gmt":"2022-08-17T15:00:20","guid":{"rendered":"https:\/\/rayoflightthemes.com\/wordpress-themes\/herbalist-wordpress-theme\/?post_type=product&#038;p=601"},"modified":"2025-12-02T11:41:18","modified_gmt":"2025-12-02T11:41:18","slug":"lemon-roots-cbg","status":"publish","type":"product","link":"https:\/\/sevenseeds.pl\/index.php\/produkt\/lemon-roots-cbg\/","title":{"rendered":"WYPRZEDANE LEMON ROOTS"},"content":{"rendered":"<p style=\"margin: 0cm; margin-bottom: .0001pt;\"><span style=\"font-size: 10.5pt; font-family: 'Arial','sans-serif'; color: #333333;\">Feminizowana odmiana o twardych zbitych p\u0105czkach przypominaj\u0105cych szyszki cedru. Ro\u015blina mocno rozga\u0142\u0119ziona, \u015bredniej wielko\u015bci ok. 2m. &#8211; 2,5m.\u00a0 Wytwarza bardzo du\u017co \u017cywicy o bogatym profilu terpenowym. Charakteryzuje si\u0119 przede wszystkim niesamowitymi kolorami, dzieli si\u0119 na dobrze zdefiniowane fenotypy; purpurowe li\u015bcie i zielony kwiat z fioletowymi akcentami oraz ca\u0142kowicie fioletowe ro\u015bliny. Jest to polihybryda cbd\/cbg oznacza to si\u0119 \u017ce, mo\u017ce pojawi\u0107 si\u0119 odsetek ro\u015blin o chemotypie ca\u0142kowicie id\u0105cym w stron\u0119 CBG. Odmiana ta idealnie nadaje si\u0119 na ekstrakcj\u0119.<\/span><\/p>\n","protected":false},"excerpt":{"rendered":"<p><span style=\"font-weight: 400;\">Feminizowana odmiana o twardych zbitych p\u0105czkach przypominaj\u0105cych szyszki cedru. Ro\u015blina mocno rozga\u0142\u0119ziona, \u015bredniej wielko\u015bci ok. 2m. &#8211; 2,5m.\u00a0 Wytwarza bardzo du\u017co \u017cywicy o bogatym profilu terpenowym. Idealnie nadaje si\u0119 na ekstrakcj\u0119.<\/span><\/p>\n","protected":false},"featured_media":5791,"comment_status":"open","ping_status":"closed","template":"","meta":{"_acf_changed":false},"product_brand":[],"product_cat":[41],"product_tag":[],"class_list":{"0":"post-601","1":"product","2":"type-product","3":"status-publish","4":"has-post-thumbnail","6":"product_cat-nasiona-feminizowane-cbd","8":"first","9":"outofstock","10":"shipping-taxable","11":"product-type-variable"},"acf":[],"_links":{"self":[{"href":"https:\/\/sevenseeds.pl\/index.php\/wp-json\/wp\/v2\/product\/601","targetHints":{"allow":["GET"]}}],"collection":[{"href":"https:\/\/sevenseeds.pl\/index.php\/wp-json\/wp\/v2\/product"}],"about":[{"href":"https:\/\/sevenseeds.pl\/index.php\/wp-json\/wp\/v2\/types\/product"}],"replies":[{"embeddable":true,"href":"https:\/\/sevenseeds.pl\/index.php\/wp-json\/wp\/v2\/comments?post=601"}],"wp:featuredmedia":[{"embeddable":true,"href":"https:\/\/sevenseeds.pl\/index.php\/wp-json\/wp\/v2\/media\/5791"}],"wp:attachment":[{"href":"https:\/\/sevenseeds.pl\/index.php\/wp-json\/wp\/v2\/media?parent=601"}],"wp:term":[{"taxonomy":"product_brand","embeddable":true,"href":"https:\/\/sevenseeds.pl\/index.php\/wp-json\/wp\/v2\/product_brand?post=601"},{"taxonomy":"product_cat","embeddable":true,"href":"https:\/\/sevenseeds.pl\/index.php\/wp-json\/wp\/v2\/product_cat?post=601"},{"taxonomy":"product_tag","embeddable":true,"href":"https:\/\/sevenseeds.pl\/index.php\/wp-json\/wp\/v2\/product_tag?post=601"}],"curies":[{"name":"wp","href":"https:\/\/api.w.org\/{rel}","templated":true}]}}