{"id":5933,"date":"2022-07-16T16:58:27","date_gmt":"2022-07-16T16:58:27","guid":{"rendered":"https:\/\/sevenseeds.pl\/?post_type=product&#038;p=5933"},"modified":"2026-02-22T10:53:21","modified_gmt":"2026-02-22T10:53:21","slug":"blue-mango-cbd-s1","status":"publish","type":"product","link":"https:\/\/sevenseeds.pl\/index.php\/produkt\/blue-mango-cbd-s1\/","title":{"rendered":"BLUE MANGO CBD S1"},"content":{"rendered":"<p><strong>Blue Mango CBD S1<\/strong><\/p>\n<div dir=\"auto\">Szczep powsta\u0142 w wyniku samozapylenia wyj\u0105tkowego fenotypu Blue Mango CBD ro\u015bliny godnej do na\u015bladowania w strukturze kwiatu, o smaku mango i intensywnym zapachu mocno przypominaj\u0105cym lawend\u0119.<\/div>\n<div dir=\"auto\"><\/div>\n<div dir=\"auto\">Nasiona S1 maj\u0105 dodatkow\u0105 zalet\u0119, pozwalaj\u0105 na uzyskanie jednorodnego i stabilnego potomstwa.\u00a0Ro\u015blina ta zosta\u0142a wy\u0142oniona z du\u017cej populacji a opracowanie tej odmiany zaj\u0119\u0142o nam 3 lata.<\/div>\n<div dir=\"auto\"><\/div>\n<div dir=\"auto\">Blue Mango CBD S1 to ro\u015blina konopi z przewag\u0105 sativy. Odznacza si\u0119 stosunkowo kr\u00f3tkim czasem kwitnienia, zazwyczaj trwa to 7 tygodni, a niekt\u00f3re ro\u015bliny potrzebuj\u0105 oko\u0142o tygodnia d\u0142u\u017cej. Na zewn\u0105trz osi\u0105gaj\u0105 dojrza\u0142o\u015b\u0107 na koniec wrze\u015bnia, mog\u0105 osi\u0105gn\u0105\u0107 do\u015b\u0107 imponuj\u0105ce rozmiary, przekraczaj\u0105c 2,5 metra daj\u0105c przy tym poka\u017ane zbiory.<\/div>\n<div dir=\"auto\">Jest ca\u0142kiem odporna na grzyby i atakuj\u0105ce szkodniki, mocno rozci\u0105ga si\u0119 w fazie kwitnienia.<\/div>\n<div dir=\"auto\">Charakteryzuje j\u0105 dobry stosunek kwiat\u00f3w do li\u015bci co za tym idzie owocuj\u0105 du\u017c\u0105 ilo\u015bci\u0105 p\u0105czk\u00f3w o g\u0119stej strukturze, kt\u00f3re pokryte s\u0105 grub\u0105 warstw\u0105 \u017cywicy.<\/div>\n<div dir=\"auto\"><\/div>\n<div dir=\"auto\">Co wa\u017cne, ta odmiana cechuje si\u0119 wysok\u0105 zawarto\u015bci\u0105 CBD oko\u0142o 10% i nisk\u0105 zawarto\u015bci\u0105 THC poni\u017cej 0,3%. Dzi\u0119ki temu nie powoduje psychoaktywnych efekt\u00f3w, co oznacza \u017ce cz\u0119sto jest stosowana do cel\u00f3w terapeutycznych.<\/div>\n<div dir=\"auto\"><\/div>\n<div dir=\"auto\"><\/div>\n<div dir=\"auto\">Je\u015bli nie lubisz przycina\u0107 li\u015bci to odmiana w\u0142a\u015bnie dla ciebie. Obowi\u0105zkowa pozycja w r\u0119kach ka\u017cdego konesera.<\/div>\n<div dir=\"auto\">3 miejsce The Hemp Cup \u00a0'Najlepszy susz w Polsce\u2019 \u00a0Weedfest 2023 Warszawa.<\/div>\n","protected":false},"excerpt":{"rendered":"<p>Blue Mango CBD S1 Szczep powsta\u0142 w wyniku samozapylenia wyj\u0105tkowego fenotypu Blue Mango CBD ro\u015bliny godnej do na\u015bladowania w strukturze kwiatu, o smaku mango i intensywnym zapachu mocno przypominaj\u0105cym lawend\u0119.<\/p>\n","protected":false},"featured_media":5939,"comment_status":"open","ping_status":"closed","template":"","meta":{"_acf_changed":false},"product_brand":[],"product_cat":[41],"product_tag":[],"class_list":{"0":"post-5933","1":"product","2":"type-product","3":"status-publish","4":"has-post-thumbnail","6":"product_cat-nasiona-feminizowane-cbd","8":"first","9":"instock","10":"shipping-taxable","11":"purchasable","12":"product-type-variable"},"acf":[],"_links":{"self":[{"href":"https:\/\/sevenseeds.pl\/index.php\/wp-json\/wp\/v2\/product\/5933","targetHints":{"allow":["GET"]}}],"collection":[{"href":"https:\/\/sevenseeds.pl\/index.php\/wp-json\/wp\/v2\/product"}],"about":[{"href":"https:\/\/sevenseeds.pl\/index.php\/wp-json\/wp\/v2\/types\/product"}],"replies":[{"embeddable":true,"href":"https:\/\/sevenseeds.pl\/index.php\/wp-json\/wp\/v2\/comments?post=5933"}],"wp:featuredmedia":[{"embeddable":true,"href":"https:\/\/sevenseeds.pl\/index.php\/wp-json\/wp\/v2\/media\/5939"}],"wp:attachment":[{"href":"https:\/\/sevenseeds.pl\/index.php\/wp-json\/wp\/v2\/media?parent=5933"}],"wp:term":[{"taxonomy":"product_brand","embeddable":true,"href":"https:\/\/sevenseeds.pl\/index.php\/wp-json\/wp\/v2\/product_brand?post=5933"},{"taxonomy":"product_cat","embeddable":true,"href":"https:\/\/sevenseeds.pl\/index.php\/wp-json\/wp\/v2\/product_cat?post=5933"},{"taxonomy":"product_tag","embeddable":true,"href":"https:\/\/sevenseeds.pl\/index.php\/wp-json\/wp\/v2\/product_tag?post=5933"}],"curies":[{"name":"wp","href":"https:\/\/api.w.org\/{rel}","templated":true}]}}