{"id":5768,"date":"2022-09-10T12:00:28","date_gmt":"2022-09-10T12:00:28","guid":{"rendered":"https:\/\/sevenseeds.pl\/?post_type=product&#038;p=5768"},"modified":"2026-04-23T05:42:44","modified_gmt":"2026-04-23T05:42:44","slug":"blue-mango-cbd","status":"publish","type":"product","link":"https:\/\/sevenseeds.pl\/index.php\/produkt\/blue-mango-cbd\/","title":{"rendered":"WYPRZEDANE BLUE MANGO CBD"},"content":{"rendered":"<div dir=\"auto\">Blue Mango CBD to odmiana ko\u0142o kt\u00f3rej nie przejdziesz oboj\u0119tnie, niesamowity profil terpenowy i pi\u0119kne zbite p\u0105czki czyni\u0105 j\u0105 numerem jeden w naszym katalogu.<\/div>\n<div dir=\"auto\">Przystosowana do wzrostu w ch\u0142odnym i wilgotnym klimacie. \u0141atwa w uprawie, odznacza si\u0119 szybkim kwitnieniem wynosz\u0105cym zaledwie 7 tygodni oraz wyr\u00f3\u017cnia si\u0119 bardzo dobrym stosunkiem kwiat\u00f3w do li\u015bci.<\/div>\n<div dir=\"auto\"><\/div>\n<div dir=\"auto\">Skrzy\u017cowanie Blue CBD z specjalnie wyselekcjonowanym chemotypem CBG znacznie zwi\u0119kszy\u0142o plony, nadaj\u0105c ro\u015blinie bardziej kr\u0119py pokr\u00f3j oraz przede wszystkim podnios\u0142o st\u0119\u017cenie CBG.<\/div>\n<div dir=\"auto\"><\/div>\n<div dir=\"auto\">Blue Mango CBD produkuje g\u0119ste ow\u0142osione p\u0105czki kt\u00f3re charakteryzuj\u0105 si\u0119 s\u0142odkim sosnowo, cytrusowym zapachem z nutami mango. Sativa odporna na ple\u015b\u0144, nie wymaga du\u017cej ilo\u015bci wody i nawoz\u00f3w odmiana o niesamowitej kolorystyce. To obowi\u0105zkowa pozycja w r\u0119kach ka\u017cdego konesera. 3 miejsce The Hemp Cup w kategorii 'Najlepszy susz w Polsce&#8217; na targach Weedfest 2023 Warszawa.<\/div>\n<p>&nbsp;<\/p>\n<p>&nbsp;<\/p>\n<p><span style=\"font-weight: 400;\">\u00a0<\/span><\/p>\n<p>&nbsp;<\/p>\n","protected":false},"excerpt":{"rendered":"<p>Blue Mango CBD to odmiana ko\u0142o kt\u00f3rej nie przejdziesz oboj\u0119tnie, niesamowity profil terenowy i pi\u0119kne zbite p\u0105czki czyni\u0105 j\u0105 numerem jeden w naszym katalogu. Zdobywca 3 miejsca w The Hemp Cup 2023.<\/p>\n","protected":false},"featured_media":5820,"comment_status":"open","ping_status":"closed","template":"","meta":{"_acf_changed":false},"product_brand":[],"product_cat":[41],"product_tag":[],"class_list":{"0":"post-5768","1":"product","2":"type-product","3":"status-publish","4":"has-post-thumbnail","6":"product_cat-nasiona-feminizowane-cbd","8":"first","9":"outofstock","10":"shipping-taxable","11":"purchasable","12":"product-type-variable"},"acf":[],"_links":{"self":[{"href":"https:\/\/sevenseeds.pl\/index.php\/wp-json\/wp\/v2\/product\/5768","targetHints":{"allow":["GET"]}}],"collection":[{"href":"https:\/\/sevenseeds.pl\/index.php\/wp-json\/wp\/v2\/product"}],"about":[{"href":"https:\/\/sevenseeds.pl\/index.php\/wp-json\/wp\/v2\/types\/product"}],"replies":[{"embeddable":true,"href":"https:\/\/sevenseeds.pl\/index.php\/wp-json\/wp\/v2\/comments?post=5768"}],"wp:featuredmedia":[{"embeddable":true,"href":"https:\/\/sevenseeds.pl\/index.php\/wp-json\/wp\/v2\/media\/5820"}],"wp:attachment":[{"href":"https:\/\/sevenseeds.pl\/index.php\/wp-json\/wp\/v2\/media?parent=5768"}],"wp:term":[{"taxonomy":"product_brand","embeddable":true,"href":"https:\/\/sevenseeds.pl\/index.php\/wp-json\/wp\/v2\/product_brand?post=5768"},{"taxonomy":"product_cat","embeddable":true,"href":"https:\/\/sevenseeds.pl\/index.php\/wp-json\/wp\/v2\/product_cat?post=5768"},{"taxonomy":"product_tag","embeddable":true,"href":"https:\/\/sevenseeds.pl\/index.php\/wp-json\/wp\/v2\/product_tag?post=5768"}],"curies":[{"name":"wp","href":"https:\/\/api.w.org\/{rel}","templated":true}]}}